{"id":7919,"date":"2023-03-07T17:46:08","date_gmt":"2023-03-07T16:46:08","guid":{"rendered":"https:\/\/tattoocream.eu\/?page_id=7919"},"modified":"2023-04-22T08:18:25","modified_gmt":"2023-04-22T06:18:25","slug":"polityka-prywatnosci-i-cookies","status":"publish","type":"page","link":"https:\/\/tattoocream.eu\/pl_pl\/polityka-prywatnosci-i-cookies\/","title":{"rendered":"Polityka prywatno\u015bci i cookies"},"content":{"rendered":"\t\t<div data-elementor-type=\"wp-page\" data-elementor-id=\"7919\" class=\"elementor elementor-7919\" data-elementor-post-type=\"page\">\n\t\t\t\t\t\t<section class=\"elementor-section elementor-top-section elementor-element elementor-element-74d2427 elementor-section-boxed elementor-section-height-default elementor-section-height-default\" data-id=\"74d2427\" data-element_type=\"section\">\n\t\t\t\t\t\t<div class=\"elementor-container elementor-column-gap-default\">\n\t\t\t\t\t<div class=\"elementor-column elementor-col-100 elementor-top-column elementor-element elementor-element-5c89f0d\" data-id=\"5c89f0d\" data-element_type=\"column\">\n\t\t\t<div class=\"elementor-widget-wrap elementor-element-populated\">\n\t\t\t\t\t\t<div class=\"elementor-element elementor-element-8b01841 elementor-widget elementor-widget-text-editor\" data-id=\"8b01841\" data-element_type=\"widget\" data-widget_type=\"text-editor.default\">\n\t\t\t\t<div class=\"elementor-widget-container\">\n\t\t\t<style>\/*! elementor - v3.22.0 - 26-06-2024 *\/\n.elementor-widget-text-editor.elementor-drop-cap-view-stacked .elementor-drop-cap{background-color:#69727d;color:#fff}.elementor-widget-text-editor.elementor-drop-cap-view-framed .elementor-drop-cap{color:#69727d;border:3px solid;background-color:transparent}.elementor-widget-text-editor:not(.elementor-drop-cap-view-default) .elementor-drop-cap{margin-top:8px}.elementor-widget-text-editor:not(.elementor-drop-cap-view-default) .elementor-drop-cap-letter{width:1em;height:1em}.elementor-widget-text-editor .elementor-drop-cap{float:left;text-align:center;line-height:1;font-size:50px}.elementor-widget-text-editor .elementor-drop-cap-letter{display:inline-block}<\/style>\t\t\t\t<div class=\"heading\"><h1><strong>Polityka prywatno\u015bci i cookies<\/strong><\/h1><p>Niniejsza Polityka prywatno\u015bci okre\u015bla zasady gromadzenia, przetwarzania i wykorzystywania danych osobowych pozyskanych od Pa\u0144stwa przez sklep internetowy tattoocream.eu prowadzony pod adresem domeny www.tattoocream.eu (dalej zwan\u0105 Witryn\u0105).<\/p><p>Administratorem Pa\u0144stwa danych osobowych jest &#8230;&#8230;&#8230;&#8230;&#8230;&#8230;&#8230;&#8230;&#8230;&#8230;&#8230;&#8230;&#8230;&#8230;&#8230;&#8230;&#8230;&#8230;&#8230;&#8230;&#8230;&#8230;&#8230;&#8230;&#8230;&#8230;&#8230;&#8230;&#8230;&#8230;&#8230;&#8230;&#8230;&#8230;&#8230;&#8230;&#8230;&#8230;&#8230;&#8230;&#8230;..<\/p><p>Pa\u0144stwa dane osobowe przetwarzamy zgodnie z\u00a0prawem na podstawie art. 6 Rozporz\u0105dzenia 2016\/679 Parlamentu Europejskiego i\u00a0Rady z\u00a0dnia 27 kwietnia 2016 r. w\u00a0sprawie ochrony os\u00f3b fizycznych w\u00a0zwi\u0105zku z\u00a0przetwarzaniem danych osobowych i\u00a0w sprawie swobodnego przep\u0142ywu takich danych oraz uchylenia dyrektywy 95\/46\/WE (og\u00f3lne rozporz\u0105dzenie o\u00a0ochronie danych) \u2013 dalej: RODO.<\/p><p>W sklepie internetowym Pa\u0144stwa dane osobowe \u2013 stosownie do tre\u015bci art.6 ust.1 lit. a) i\u00a0b) RODO przetwarzane b\u0119d\u0105 na podstawie udzielonej przez Pa\u0144stwa zgody na przetwarzanie danych osobowych lub przepis\u00f3w prawa w\u00a0celu realizacji umowy sprzeda\u017cy. Na podstawie udzielonej przez Pa\u0144stwa zgody przetwarzamy dane przekazywane nam przez Pa\u0144stwa w\u00a0formularzach dotycz\u0105cych: us\u0142ugi \u201eNewslettera\u201d, procesu zak\u0142adania konta u\u017cytkownika przed dokonaniem zakup\u00f3w, wys\u0142ania informacji lub zapytania przez formularz kontaktowy. Je\u017celi wyrazili\u015bcie lub wyrazicie Pa\u0144stwo zgod\u0119 na otrzymywanie komunikat\u00f3w marketingowych r\u00f3wnie\u017c na Pa\u0144stwa adres e-mail, to podstaw\u0105 prawn\u0105 jest tak\u017ce art. 10 ustawy o\u00a0\u015bwiadczeniu us\u0142ug drog\u0105 elektroniczn\u0105 oraz art. 172 ustawy Prawo telekomunikacyjne.<\/p><p>Nasz sklep internetowy dok\u0142ada wszelkich stara\u0144 w celu zapewnienia poszanowania Pa\u0144stwa prywatno\u015bci i ochrony udzielonych informacji osobowych podczas korzystania z Witryny i dokonywania zakup\u00f3w w ramach sklepu oraz w tym celu podejmuje wszelkie niezb\u0119dne dzia\u0142ania. Pa\u0144stwa dane osobowe b\u0119d\u0105 przechowywane do czasu cofni\u0119cia zgody na\u00a0 przetwarzanie danych, a w przypadku zawarcia umowy sprzeda\u017cy przez okres przewidziany w odr\u0119bnych przepisach prawa w tym w ustawie o rachunkowo\u015bci. Prawo do cofni\u0119cia zgody maj\u0105 Pa\u0144stwo w\u00a0dowolnym momencie bez wp\u0142ywu na zgodno\u015b\u0107 z\u00a0prawem przetwarzania, kt\u00f3rego dokonano na podstawie zgody przed jej cofni\u0119ciem; Sklep internetowy nie zbiera w\u00a0spos\u00f3b automatyczny \u017cadnych danych, z\u00a0wyj\u0105tkiem danych zawartych w\u00a0plikach cookies podczas samego korzystania z\u00a0Witryny. Pliki cookies to ma\u0142e pliki tekstowe wysy\u0142ane przez sklep internetowy i\u00a0przechowywane na Pa\u0144stwa komputerze zawieraj\u0105ce pewne informacje zwi\u0105zane z\u00a0korzystaniem przez Pa\u0144stwa z\u00a0Witryny i\u00a0sklepu internetowego. Wykorzystywane przez sklep internetowy pliki cookies mog\u0105 mie\u0107 charakter tymczasowy lub trwa\u0142y. Tymczasowe pliki cookies s\u0105 usuwane z\u00a0chwil\u0105 zamkni\u0119cia przegl\u0105darki, natomiast sta\u0142e pliki cookies s\u0105 przechowywane tak\u017ce po zako\u0144czeniu korzystania przez Pa\u0144stwa z\u00a0Witryny i\u00a0s\u0142u\u017c\u0105 do przechowywania informacji takich jak Pa\u0144stwa has\u0142o czy login, co przyspiesza i\u00a0u\u0142atwia korzystanie z\u00a0Witryny. W\u00a0ka\u017cdym wypadku mog\u0105 Pa\u0144stwo zablokowa\u0107 instalowanie plik\u00f3w cookies lub usun\u0105\u0107 sta\u0142e pliki cookies, wykorzystuj\u0105c stosowne opcje Pa\u0144stwa przegl\u0105darki internetowej. W\u00a0razie problem\u00f3w doradzamy skorzysta\u0107 z\u00a0pliku pomocy przegl\u0105darki lub skontaktowa\u0107 si\u0119 z\u00a0producentem przegl\u0105darki, z\u00a0kt\u00f3rej Pa\u0144stwo korzystacie.<\/p><p>Obok plik\u00f3w cookies sklep internetowy mo\u017ce r\u00f3wnie\u017c gromadzi\u0107 dane zwyczajowo zbierane przez administrator\u00f3w system\u00f3w internetowych w\u00a0ramach tzw. log\u00f3w lub plik\u00f3w dziennika. Informacje zawarte w\u00a0logach mog\u0105 obejmowa\u0107 m.in. Pa\u0144stwa adres IP, rodzaj platformy i\u00a0przegl\u0105darki internetowej, dostawc\u0119 Internetu oraz adres strony, z\u00a0kt\u00f3rej weszli\u015bcie Pa\u0144stwo na Witryn\u0119. Niekt\u00f3re podstrony w\u00a0ramach Witryny oraz inne \u015brodki komunikacji z\u00a0Pa\u0144stwem mog\u0105 zawiera\u0107 tzw. \u201eweb beacons\u201d (tzw. elektroniczne obrazki). Web beacons pozwalaj\u0105 na otrzymanie informacji takich jak np. adres IP komputera, na kt\u00f3ry za\u0142adowana zosta\u0142a strona, na kt\u00f3rej web beacon zosta\u0142 zamieszczony, numer URL strony, czas za\u0142adowania strony, rodzaj przegl\u0105darki, jak r\u00f3wnie\u017c informacje zawarte w\u00a0cookies, w\u00a0celu oceny efektywno\u015bci naszych reklam. Dane te b\u0119d\u0105 archiwizowane i\u00a0wykorzystywane w\u00a0celach analizy statystycznej i\u00a0oceny globalnego ruchu u\u017cytkownik\u00f3w Witryny. Dane te nie b\u0119d\u0105 \u0142\u0105czone z\u00a0przekazanymi przez Pa\u0144stwo danymi osobowymi. W\u00a0przypadku dokonywania zakup\u00f3w i\u00a0procesu rejestracji konta w\u00a0sklepie internetowym poprzez Witryn\u0119, sklep internetowy b\u0119dzie od Pa\u0144stwa zbiera\u0142 nast\u0119puj\u0105ce dane osobowe za po\u015brednictwem Witryny oraz innych form komunikacji:<\/p><ol><li>nazwisko i\u00a0imi\u0119,<br \/>2. adres zamieszkania,<br \/>3. adres do korespondencji, je\u017celi jest inny ni\u017c adres zamieszkania,<br \/>4. adres poczty elektronicznej,<br \/>5. numer telefonu.<\/li><\/ol><p>Podanie powy\u017cszych danych jest dobrowolne lecz konieczne dla dokonania rejestracji i\u00a0zakupu w\u00a0sklepie internetowym. Konsekwencj\u0105 niepodania danych osobowych b\u0119dzie brak mo\u017cliwo\u015bci zawarcia umowy sprzeda\u017cy.<br \/>W przypadku us\u0142ugi \u201eNewslettera\u201d, oraz wys\u0142ania przez Pa\u0144stwa informacji lub zapytania przez formularz kontaktowy podanie przez Pa\u0144stwa danych osobowych jest odpowiednio warunkiem mo\u017cliwo\u015bci korzystania z us\u0142ugi \u201eNewsletter\u201d oraz udzielenia odpowiedzi na Pa\u0144stwa informacj\u0119 lub zapytanie. Je\u015bli skorzystacie Pa\u0144stwo z us\u0142ugi \u201eNewlettera\u201d, podany przez Pa\u0144stwa adres e-mail b\u0119dzie wykorzystywany w celach marketingowych w\u0142asnych produkt\u00f3w tattoocream.eu. Zgoda mo\u017ce by\u0107 cofni\u0119ta w ka\u017cdym czasie.<\/p><p>W celu realizacji umowy sklep internetowy mo\u017ce udost\u0119pnia\u0107 zebrane od Pa\u0144stwa dane nast\u0119puj\u0105cym podmiotom wsp\u00f3\u0142pracuj\u0105cym z\u00a0naszym sklepem: kurierom realizuj\u0105cym dostawy, operatorom p\u0142atno\u015bci dost\u0119pnych na naszej stronie, firmie prowadz\u0105cej obs\u0142ug\u0119 ksi\u0119gow\u0105 sklepu. W\u00a0przypadku us\u0142ugi \u201eNewsletter\u201d mo\u017cemy korzysta\u0107 z\u00a0us\u0142ug innych podmiot\u00f3w, realizuj\u0105cych jego wysy\u0142k\u0119 na nasze zlecenie i\u00a0w zwi\u0105zku z\u00a0tym przekazywa\u0107 do nich Pa\u0144stwa dane. Nie przekazujemy natomiast danych poza Europejski Obszar Gospodarczy, czyli do pa\u0144stw trzecich. W\u00a0ka\u017cdym przypadku ilo\u015b\u0107 przekazywanych danych ograniczona jest do wymaganego minimum. Ponadto, podane przez Pa\u0144stwa informacje mog\u0105 zosta\u0107 udost\u0119pnione w\u0142a\u015bciwym organom w\u0142adzy publicznej, je\u017celi wymagaj\u0105 tego<br \/>obowi\u0105zuj\u0105ce przepisy prawa.<\/p><p>Sklep internetowy dok\u0142ada wszelkich mo\u017cliwych stara\u0144, aby zabezpieczy\u0107 Pa\u0144stwa dane i ochroni\u0107 je przed dzia\u0142aniami os\u00f3b trzecich. Stosujemy wszelkie niezb\u0119dne zabezpieczenia serwer\u00f3w, po\u0142\u0105cze\u0144 i Witryny w celu ochrony Pa\u0144stwa danych, w szczeg\u00f3lno\u015bci po\u0142\u0105czenia zwi\u0105zane z wykonywaniem przez Pa\u0144stwa p\u0142atno\u015bci elektronicznych, w\u00a0przypadku wyboru takiej opcji, b\u0119d\u0105 nast\u0119powa\u0107 za po\u015brednictwem bezpiecznego szyfrowanego po\u0142\u0105czenia SSL.<\/p><p>Podj\u0119te przez nas dzia\u0142ania mog\u0105 okaza\u0107 si\u0119 jednak niewystarczaj\u0105ce, je\u017celi sami nie zachowaj\u0105 Pa\u0144stwo zasad bezpiecze\u0144stwa. W\u00a0szczeg\u00f3lno\u015bci musz\u0105 Pa\u0144stwo zachowa\u0107 w\u00a0poufno\u015bci login i\u00a0has\u0142o do Witryny i\u00a0nie udost\u0119pnia\u0107 ich osobom trzecim. Prosz\u0119 pami\u0119ta\u0107, \u017ce sklep internetowy nie b\u0119dzie zwraca\u0142 si\u0119 do Pa\u0144stwa o\u00a0ich podanie, z\u00a0wyj\u0105tkiem podania ich w\u00a0trakcie logowania na Witrynie. W\u00a0celu uniemo\u017cliwienia korzystania z\u00a0pa\u0144stwa konta<br \/>osobom nieuprawnionym prosimy si\u0119 wylogowa\u0107 po zako\u0144czeniu korzystania z Witryny. Macie Pa\u0144stwo mo\u017cliwo\u015b\u0107 podgl\u0105du i edycji Pa\u0144stwa danych, w ka\u017cdym czasie, w ramach Witryny, po zalogowaniu si\u0119 z u\u017cyciem adresu e-mail oraz has\u0142a. W sytuacji, gdy zapomnicie Pa\u0144stwo has\u0142a lub wyst\u0105pienia innych problem\u00f3w z logowaniem, prosimy o kontakt pod adresem &#8230;&#8230;&#8230;&#8230;&#8230;&#8230;&#8230;&#8230;&#8230;&#8230;&#8230;&#8230;&#8230;&#8230;&#8230;&#8230;&#8230;&#8230;&#8230;&#8230;&#8230;&#8230;&#8230;&#8230;&#8230;&#8230;&#8230;&#8230;&#8230;&#8230;&#8230;&#8230;&#8230;<\/p><p>Przys\u0142uguje Pa\u0144stwo prawo do \u017c\u0105dania informacji o\u00a0tre\u015bci przechowywanych Pa\u0144stwa danych osobowych, jak r\u00f3wnie\u017c prawo dost\u0119pu do tre\u015bci swoich danych oraz prawo ich sprostowania, usuni\u0119cia, ograniczenia przetwarzania, prawo wniesienia sprzeciwu wobec przetwarzania, a\u00a0tak\u017ce prawo do przenoszenia danych.<br \/>W ramach Witryny mog\u0105 pojawia\u0107 si\u0119 okresowo linki do innych stron internetowych. Takie strony internetowe dzia\u0142aj\u0105 niezale\u017cnie od Witryny i\u00a0nie s\u0105 w\u00a0\u017caden spos\u00f3b nadzorowane przez sklep internetowy. Strony te mog\u0105 posiada\u0107 w\u0142asne polityki dotycz\u0105ce prywatno\u015bci, z\u00a0kt\u00f3rymi zalecamy si\u0119 zapozna\u0107. Sklep internetowy nie ponosi<br \/>odpowiedzialno\u015bci za zasady post\u0119powania z\u00a0danymi w\u00a0ramach tych stron. Je\u017celi zrezygnujecie Pa\u0144stwo z\u00a0zam\u00f3wionego towaru, Pa\u0144stwa dane usuniemy w\u00a0terminie 30 dni od dnia przekazania nam tej informacji \u2013 to czas operacyjny potrzebny nam na prawid\u0142owe usuni\u0119cie danych z\u00a0naszych baz.<\/p><p>Maj\u0105 Pa\u0144stwo prawo wniesienia skargi do UODO gdy uznaj\u0105, i\u017c przetwarzanie danych osobowych narusza przepisy RODO. Mo\u017cecie Pa\u0144stwo skontaktowa\u0107 si\u0119 z nami na kilka sposob\u00f3w: listownie: &#8230;&#8230;&#8230;&#8230;&#8230;&#8230;&#8230;&#8230;&#8230;&#8230;&#8230;&#8230;&#8230;&#8230;&#8230;&#8230;&#8230;&#8230;&#8230;&#8230;&#8230;&#8230;&#8230;&#8230;&#8230;&#8230;&#8230;&#8230;&#8230;<\/p><p>\u00a0<\/p><\/div>\t\t\t\t\t\t<\/div>\n\t\t\t\t<\/div>\n\t\t\t\t\t<\/div>\n\t\t<\/div>\n\t\t\t\t\t<\/div>\n\t\t<\/section>\n\t\t\t\t<\/div>\n\t\t","protected":false},"excerpt":{"rendered":"<p>Polityka prywatno\u015bci i cookies Niniejsza Polityka prywatno\u015bci okre\u015bla zasady gromadzenia, przetwarzania i wykorzystywania danych osobowych pozyskanych od Pa\u0144stwa przez sklep internetowy tattoocream.eu prowadzony pod adresem domeny www.tattoocream.eu (dalej zwan\u0105 Witryn\u0105). Administratorem Pa\u0144stwa danych osobowych jest &#8230;&#8230;&#8230;&#8230;&#8230;&#8230;&#8230;&#8230;&#8230;&#8230;&#8230;&#8230;&#8230;&#8230;&#8230;&#8230;&#8230;&#8230;&#8230;&#8230;&#8230;&#8230;&#8230;&#8230;&#8230;&#8230;&#8230;&#8230;&#8230;&#8230;&#8230;&#8230;&#8230;&#8230;&#8230;&#8230;&#8230;&#8230;&#8230;&#8230;&#8230;.. Pa\u0144stwa dane osobowe przetwarzamy zgodnie z\u00a0prawem na podstawie art. 6 Rozporz\u0105dzenia 2016\/679 Parlamentu Europejskiego i\u00a0Rady z\u00a0dnia 27 kwietnia 2016 [&hellip;]<\/p>\n","protected":false},"author":1,"featured_media":0,"parent":0,"menu_order":0,"comment_status":"closed","ping_status":"open","template":"elementor_header_footer","meta":{"footnotes":""},"class_list":["post-7919","page","type-page","status-publish","hentry"],"_links":{"self":[{"href":"https:\/\/tattoocream.eu\/pl_pl\/wp-json\/wp\/v2\/pages\/7919","targetHints":{"allow":["GET"]}}],"collection":[{"href":"https:\/\/tattoocream.eu\/pl_pl\/wp-json\/wp\/v2\/pages"}],"about":[{"href":"https:\/\/tattoocream.eu\/pl_pl\/wp-json\/wp\/v2\/types\/page"}],"author":[{"embeddable":true,"href":"https:\/\/tattoocream.eu\/pl_pl\/wp-json\/wp\/v2\/users\/1"}],"replies":[{"embeddable":true,"href":"https:\/\/tattoocream.eu\/pl_pl\/wp-json\/wp\/v2\/comments?post=7919"}],"version-history":[{"count":5,"href":"https:\/\/tattoocream.eu\/pl_pl\/wp-json\/wp\/v2\/pages\/7919\/revisions"}],"predecessor-version":[{"id":7924,"href":"https:\/\/tattoocream.eu\/pl_pl\/wp-json\/wp\/v2\/pages\/7919\/revisions\/7924"}],"wp:attachment":[{"href":"https:\/\/tattoocream.eu\/pl_pl\/wp-json\/wp\/v2\/media?parent=7919"}],"curies":[{"name":"wp","href":"https:\/\/api.w.org\/{rel}","templated":true}]}}