{"id":7868,"date":"2023-04-07T18:58:23","date_gmt":"2023-04-07T16:58:23","guid":{"rendered":"https:\/\/tattoocream.eu\/product\/tattoocream-50ml\/"},"modified":"2025-10-17T15:41:04","modified_gmt":"2025-10-17T13:41:04","slug":"tattoocream-50ml","status":"publish","type":"product","link":"https:\/\/tattoocream.eu\/pl_pl\/produkt\/tattoocream-50ml\/","title":{"rendered":"TattooCream\u00ae 50ml"},"content":{"rendered":"<p><strong>TATTOO CREAM\u00ae<\/strong> Aftercare &#8211; Ma on za zadanie skr\u00f3ci\u0107 czas gojenia si\u0119 rany, przy\u015bpieszy\u0107 regeneracj\u0119 nask\u00f3rka, a tak\u017ce nawil\u017cy\u0107 i od\u017cywi\u0107. Sk\u0142adnikiem wyr\u00f3\u017cniaj\u0105cym ten kosmetyk od innych jest dodatek ekstraktu z aloesu i to w\u0142a\u015bnie on odpowie za ca\u0142y proces gojenia, od\u017cywienie oraz poprawi stan sk\u00f3ry. W sk\u0142adzie mamy te\u017c inne witaminy i mikroelementy, kt\u00f3re b\u0119d\u0105 tak\u017ce pomocne w od\u017cywieniu sk\u00f3ry po zabiegu. Kosmetyk spe\u0142nia wymagania testu kompatybilno\u015bci ze sk\u00f3r\u0105 (skin compatibility test).<\/p>\n<p><strong>W\u0142a\u015bciwo\u015bci kremu Tattoo Cream\u00ae:<\/strong><\/p>\n<p>&#8211; regeneracja<br \/>\n&#8211; \u0142agodzenie podra\u017cnie\u0144<br \/>\n&#8211; d\u0142ugotrwa\u0142e nawil\u017cenie<br \/>\n&#8211; minimalizowanie sw\u0119dzenia<br \/>\n&#8211; uelastycznienie i wyg\u0142adzenie sk\u00f3ry<br \/>\n&#8211; wp\u0142ynie pozytywnie na kolor<br \/>\n&#8211; testowany dermatologicznie<\/p>\n<p><strong>Sk\u0142adniki aktywne:<\/strong><\/p>\n<p>&#8211; pantenol<br \/>\n&#8211; wyci\u0105g z li\u015bci aloesu<br \/>\n&#8211; olej kukurydziany<br \/>\n&#8211; olej z awokado<br \/>\n&#8211; ekstrakt z rumianku (bisabolol)<br \/>\n&#8211; ekstrakt z kwiatu rumianku<br \/>\n&#8211; wosk pszczeli<br \/>\n&#8211; mas\u0142o shea<br \/>\n&#8211; gliceryna<\/p>\n<p><strong>SK\u0104D BIERZE SI\u0118 SKUTECZNO\u015a\u0106 TATTOO CREAM AFTERCARE?<\/strong><\/p>\n<p>Si\u0142a kosmetyku pochodzi z jego receptury. W sk\u0142adzie znalaz\u0142o si\u0119 miejsce na wiele aktywnych sk\u0142adnik\u00f3w potrzebnych organizmowi. S\u0105 nimi m.in.: olej z awokado, ekstrakt z rumianku czy te\u017c wosk pszczeli. W ten spos\u00f3b stworzono preparat poprawiaj\u0105cy og\u00f3lny stan sk\u00f3ry, przyspieszaj\u0105cy czas gojenia dziary oraz minimalizuj\u0105cy uczucie nieprzyjemnego sw\u0119dzenia. TATTOO CREAM Aftercare &#8211; krem w tubce pozostaje bogaty w witaminy oraz mikroelementy, pozytywnie wp\u0142ywaj\u0105c na kolor tatua\u017cu. Dbamy o szybk\u0105 wysy\u0142k\u0119 towaru prosto pod wskazany adres.<\/p>\n","protected":false},"excerpt":{"rendered":"<p>Odkryj tajemnic\u0119 szybkiego gojenia i intensywnej piel\u0119gnacji \u015bwie\u017co zrobionego tatua\u017cu dzi\u0119ki hipoalergicznemu kremowi Aftercare marki Tattoo Cream. Ten wyj\u0105tkowy produkt zosta\u0142 stworzony z my\u015bl\u0105 o bezpiecznej i skutecznej piel\u0119gnacji, aby Twoja nowa ozdoba mog\u0142a zagoi\u0107 si\u0119 szybko, bez obaw o infekcje czy komplikacje.<\/p>\n","protected":false},"featured_media":7849,"comment_status":"open","ping_status":"closed","template":"","meta":[],"product_brand":[],"product_cat":[81,80],"product_tag":[],"class_list":{"0":"post-7868","1":"product","2":"type-product","3":"status-publish","4":"has-post-thumbnail","6":"product_cat-bestsellery-pl","7":"product_cat-tattoo-cream","9":"first","10":"outofstock","11":"taxable","12":"shipping-taxable","13":"purchasable","14":"product-type-simple"},"_links":{"self":[{"href":"https:\/\/tattoocream.eu\/pl_pl\/wp-json\/wp\/v2\/product\/7868","targetHints":{"allow":["GET"]}}],"collection":[{"href":"https:\/\/tattoocream.eu\/pl_pl\/wp-json\/wp\/v2\/product"}],"about":[{"href":"https:\/\/tattoocream.eu\/pl_pl\/wp-json\/wp\/v2\/types\/product"}],"replies":[{"embeddable":true,"href":"https:\/\/tattoocream.eu\/pl_pl\/wp-json\/wp\/v2\/comments?post=7868"}],"wp:featuredmedia":[{"embeddable":true,"href":"https:\/\/tattoocream.eu\/pl_pl\/wp-json\/wp\/v2\/media\/7849"}],"wp:attachment":[{"href":"https:\/\/tattoocream.eu\/pl_pl\/wp-json\/wp\/v2\/media?parent=7868"}],"wp:term":[{"taxonomy":"product_brand","embeddable":true,"href":"https:\/\/tattoocream.eu\/pl_pl\/wp-json\/wp\/v2\/product_brand?post=7868"},{"taxonomy":"product_cat","embeddable":true,"href":"https:\/\/tattoocream.eu\/pl_pl\/wp-json\/wp\/v2\/product_cat?post=7868"},{"taxonomy":"product_tag","embeddable":true,"href":"https:\/\/tattoocream.eu\/pl_pl\/wp-json\/wp\/v2\/product_tag?post=7868"}],"curies":[{"name":"wp","href":"https:\/\/api.w.org\/{rel}","templated":true}]}}